{"id":711,"date":"2021-07-25T07:41:33","date_gmt":"2021-07-25T10:41:33","guid":{"rendered":"https:\/\/shockbag.la\/pagina-de-exemplo\/"},"modified":"2023-06-08T17:32:16","modified_gmt":"2023-06-08T20:32:16","slug":"pagina-de-exemplo","status":"publish","type":"page","link":"https:\/\/shockbag.la\/pt-pt\/pagina-de-exemplo\/","title":{"rendered":"P\u00e1gina de exemplo"},"content":{"rendered":"<p>[et_pb_section admin_label=&#8221;section&#8221;]<br \/>\n\t\t\t[et_pb_row admin_label=&#8221;fila&#8221;]<br \/>\n\t\t\t\t[et_pb_column type=&#8221;4_4&#8243;][et_pb_text admin_label=&#8221;Text&#8221;]<\/p>\n\n<p>Esta \u00e9 uma p\u00e1gina de exemplo. \u00c9 diferente de um post de blogue porque fica num \u00fanico local e aparece na navega\u00e7\u00e3o do seu s\u00edtio (na maioria dos temas). A maioria das pessoas come\u00e7a com uma p\u00e1gina &#8220;Sobre&#8221; que as apresenta aos potenciais visitantes do s\u00edtio. Pode dizer-se algo deste g\u00e9nero:<\/p>\n\n<blockquote class=\"wp-block-quote is-layout-flow wp-block-quote-is-layout-flow\"><p>Bem-vindo! Sou empregado de mesa durante o dia, aspirante a actor \u00e0 noite e este \u00e9 o meu s\u00edtio Web. Vivo em Mairena del Alcor, tenho um c\u00e3o chamado Firulais e gosto de rebujito. (E longas tardes com caf\u00e9).<\/p><\/blockquote>\n\n<p>&#8230;ou algo do g\u00e9nero:<\/p>\n\n<blockquote class=\"wp-block-quote is-layout-flow wp-block-quote-is-layout-flow\"><p>A empresa &#8220;Mariscos Recio&#8221; foi fundada por Antonio Recio Mata. Come\u00e7ou por ser uma pequena empresa que fornecia marisco a hot\u00e9is e restaurantes, mas gradualmente transformou-se num enorme imp\u00e9rio. Mariscos Recio, o mar ao melhor pre\u00e7o.<\/p><\/blockquote>\n\n<p>Como novo utilizador do WordPress, deve ir ao <a href=\"https:\/\/shockbag.semanariocontexto.com\/wp-admin\/\">seu ambiente de trabalho<\/a> para eliminar esta p\u00e1gina e criar novas p\u00e1ginas para o seu conte\u00fado. Divirtam-se!<\/p>\n<p>[\/et_pb_text][\/et_pb_column]<br \/>\n\t\t\t[\/et_pb_row]<br \/>\n\t\t[\/et_pb_section]<\/p>\n","protected":false},"excerpt":{"rendered":"<p>Esta \u00e9 uma p\u00e1gina de exemplo. \u00c9 diferente de um post de blogue porque fica num \u00fanico local e aparece na navega\u00e7\u00e3o do seu s\u00edtio (na maioria dos temas). A maioria das pessoas come\u00e7a com uma p\u00e1gina &#8220;Sobre&#8221; que as apresenta aos potenciais visitantes do s\u00edtio. Pode dizer-se algo deste g\u00e9nero: Bem-vindo! Sou empregado de [&hellip;]<\/p>\n","protected":false},"author":1,"featured_media":0,"parent":0,"menu_order":0,"comment_status":"closed","ping_status":"open","template":"","meta":{"_et_pb_use_builder":"on","_et_pb_old_content":"","_et_gb_content_width":"","footnotes":""},"class_list":["post-711","page","type-page","status-publish","hentry"],"yoast_head":"<!-- This site is optimized with the Yoast SEO plugin v27.4 - https:\/\/yoast.com\/product\/yoast-seo-wordpress\/ -->\n<title>P\u00e1gina de exemplo - ShockBag<\/title>\n<meta name=\"robots\" content=\"index, follow, max-snippet:-1, max-image-preview:large, max-video-preview:-1\" \/>\n<link rel=\"canonical\" href=\"https:\/\/shockbag.la\/pt-pt\/pagina-de-exemplo\/\" \/>\n<meta property=\"og:locale\" content=\"pt_PT\" \/>\n<meta property=\"og:type\" content=\"article\" \/>\n<meta property=\"og:title\" content=\"P\u00e1gina de exemplo - ShockBag\" \/>\n<meta property=\"og:description\" content=\"Esta \u00e9 uma p\u00e1gina de exemplo. \u00c9 diferente de um post de blogue porque fica num \u00fanico local e aparece na navega\u00e7\u00e3o do seu s\u00edtio (na maioria dos temas). A maioria das pessoas come\u00e7a com uma p\u00e1gina &quot;Sobre&quot; que as apresenta aos potenciais visitantes do s\u00edtio. Pode dizer-se algo deste g\u00e9nero: Bem-vindo! Sou empregado de [&hellip;]\" \/>\n<meta property=\"og:url\" content=\"https:\/\/shockbag.la\/pt-pt\/pagina-de-exemplo\/\" \/>\n<meta property=\"og:site_name\" content=\"ShockBag\" \/>\n<meta property=\"article:modified_time\" content=\"2023-06-08T20:32:16+00:00\" \/>\n<meta name=\"twitter:card\" content=\"summary_large_image\" \/>\n<meta name=\"twitter:label1\" content=\"Tempo estimado de leitura\" \/>\n\t<meta name=\"twitter:data1\" content=\"1 minuto\" \/>\n<script type=\"application\/ld+json\" class=\"yoast-schema-graph\">{\"@context\":\"https:\\\/\\\/schema.org\",\"@graph\":[{\"@type\":\"WebPage\",\"@id\":\"https:\\\/\\\/shockbag.la\\\/pt-pt\\\/pagina-de-exemplo\\\/\",\"url\":\"https:\\\/\\\/shockbag.la\\\/pt-pt\\\/pagina-de-exemplo\\\/\",\"name\":\"P\u00e1gina de exemplo - ShockBag\",\"isPartOf\":{\"@id\":\"https:\\\/\\\/shockbag.la\\\/pt-pt\\\/#website\"},\"datePublished\":\"2021-07-25T10:41:33+00:00\",\"dateModified\":\"2023-06-08T20:32:16+00:00\",\"breadcrumb\":{\"@id\":\"https:\\\/\\\/shockbag.la\\\/pt-pt\\\/pagina-de-exemplo\\\/#breadcrumb\"},\"inLanguage\":\"pt-PT\",\"potentialAction\":[{\"@type\":\"ReadAction\",\"target\":[\"https:\\\/\\\/shockbag.la\\\/pt-pt\\\/pagina-de-exemplo\\\/\"]}]},{\"@type\":\"BreadcrumbList\",\"@id\":\"https:\\\/\\\/shockbag.la\\\/pt-pt\\\/pagina-de-exemplo\\\/#breadcrumb\",\"itemListElement\":[{\"@type\":\"ListItem\",\"position\":1,\"name\":\"Portada\",\"item\":\"https:\\\/\\\/shockbag.la\\\/pt-pt\\\/\"},{\"@type\":\"ListItem\",\"position\":2,\"name\":\"P\u00e1gina de exemplo\"}]},{\"@type\":\"WebSite\",\"@id\":\"https:\\\/\\\/shockbag.la\\\/pt-pt\\\/#website\",\"url\":\"https:\\\/\\\/shockbag.la\\\/pt-pt\\\/\",\"name\":\"ShockBag\",\"description\":\"\",\"potentialAction\":[{\"@type\":\"SearchAction\",\"target\":{\"@type\":\"EntryPoint\",\"urlTemplate\":\"https:\\\/\\\/shockbag.la\\\/pt-pt\\\/?s={search_term_string}\"},\"query-input\":{\"@type\":\"PropertyValueSpecification\",\"valueRequired\":true,\"valueName\":\"search_term_string\"}}],\"inLanguage\":\"pt-PT\"}]}<\/script>\n<!-- \/ Yoast SEO plugin. -->","yoast_head_json":{"title":"P\u00e1gina de exemplo - ShockBag","robots":{"index":"index","follow":"follow","max-snippet":"max-snippet:-1","max-image-preview":"max-image-preview:large","max-video-preview":"max-video-preview:-1"},"canonical":"https:\/\/shockbag.la\/pt-pt\/pagina-de-exemplo\/","og_locale":"pt_PT","og_type":"article","og_title":"P\u00e1gina de exemplo - ShockBag","og_description":"Esta \u00e9 uma p\u00e1gina de exemplo. \u00c9 diferente de um post de blogue porque fica num \u00fanico local e aparece na navega\u00e7\u00e3o do seu s\u00edtio (na maioria dos temas). A maioria das pessoas come\u00e7a com uma p\u00e1gina \"Sobre\" que as apresenta aos potenciais visitantes do s\u00edtio. Pode dizer-se algo deste g\u00e9nero: Bem-vindo! Sou empregado de [&hellip;]","og_url":"https:\/\/shockbag.la\/pt-pt\/pagina-de-exemplo\/","og_site_name":"ShockBag","article_modified_time":"2023-06-08T20:32:16+00:00","twitter_card":"summary_large_image","twitter_misc":{"Tempo estimado de leitura":"1 minuto"},"schema":{"@context":"https:\/\/schema.org","@graph":[{"@type":"WebPage","@id":"https:\/\/shockbag.la\/pt-pt\/pagina-de-exemplo\/","url":"https:\/\/shockbag.la\/pt-pt\/pagina-de-exemplo\/","name":"P\u00e1gina de exemplo - ShockBag","isPartOf":{"@id":"https:\/\/shockbag.la\/pt-pt\/#website"},"datePublished":"2021-07-25T10:41:33+00:00","dateModified":"2023-06-08T20:32:16+00:00","breadcrumb":{"@id":"https:\/\/shockbag.la\/pt-pt\/pagina-de-exemplo\/#breadcrumb"},"inLanguage":"pt-PT","potentialAction":[{"@type":"ReadAction","target":["https:\/\/shockbag.la\/pt-pt\/pagina-de-exemplo\/"]}]},{"@type":"BreadcrumbList","@id":"https:\/\/shockbag.la\/pt-pt\/pagina-de-exemplo\/#breadcrumb","itemListElement":[{"@type":"ListItem","position":1,"name":"Portada","item":"https:\/\/shockbag.la\/pt-pt\/"},{"@type":"ListItem","position":2,"name":"P\u00e1gina de exemplo"}]},{"@type":"WebSite","@id":"https:\/\/shockbag.la\/pt-pt\/#website","url":"https:\/\/shockbag.la\/pt-pt\/","name":"ShockBag","description":"","potentialAction":[{"@type":"SearchAction","target":{"@type":"EntryPoint","urlTemplate":"https:\/\/shockbag.la\/pt-pt\/?s={search_term_string}"},"query-input":{"@type":"PropertyValueSpecification","valueRequired":true,"valueName":"search_term_string"}}],"inLanguage":"pt-PT"}]}},"_links":{"self":[{"href":"https:\/\/shockbag.la\/pt-pt\/wp-json\/wp\/v2\/pages\/711","targetHints":{"allow":["GET"]}}],"collection":[{"href":"https:\/\/shockbag.la\/pt-pt\/wp-json\/wp\/v2\/pages"}],"about":[{"href":"https:\/\/shockbag.la\/pt-pt\/wp-json\/wp\/v2\/types\/page"}],"author":[{"embeddable":true,"href":"https:\/\/shockbag.la\/pt-pt\/wp-json\/wp\/v2\/users\/1"}],"replies":[{"embeddable":true,"href":"https:\/\/shockbag.la\/pt-pt\/wp-json\/wp\/v2\/comments?post=711"}],"version-history":[{"count":1,"href":"https:\/\/shockbag.la\/pt-pt\/wp-json\/wp\/v2\/pages\/711\/revisions"}],"predecessor-version":[{"id":713,"href":"https:\/\/shockbag.la\/pt-pt\/wp-json\/wp\/v2\/pages\/711\/revisions\/713"}],"wp:attachment":[{"href":"https:\/\/shockbag.la\/pt-pt\/wp-json\/wp\/v2\/media?parent=711"}],"curies":[{"name":"wp","href":"https:\/\/api.w.org\/{rel}","templated":true}]}}